{"id":3,"date":"2023-08-02T13:36:52","date_gmt":"2023-08-02T13:36:52","guid":{"rendered":"https:\/\/dggestora.com.br\/?page_id=3"},"modified":"2023-08-24T22:22:12","modified_gmt":"2023-08-24T22:22:12","slug":"privacy-policy","status":"publish","type":"page","link":"https:\/\/dggestora.com.br\/","title":{"rendered":"A DG \u00e9 uma gestora excluvisa criada para atender as demandas de um Single Family Office"},"content":{"rendered":"\n<p><\/p>\n\n\n\n<h2 class=\"wp-block-heading\">Documentos para consulta<\/h2>\n\n\n\n<p><a href=\"https:\/\/www.dggestora.com.br\/files\/POLITICA_DE_RATEIO.pdf\">Pol\u00edtica de Rateio de Ordens<\/a><\/p>\n\n\n\n<p><a href=\"https:\/\/www.dggestora.com.br\/files\/CODIGO_DE_ETICA.pdf\">C\u00f3digo de \u00c9tica<\/a><\/p>\n\n\n\n<p><a href=\"https:\/\/www.dggestora.com.br\/files\/FormularioReferencia.pdf\">Formul\u00e1rio de Refer\u00eancia<\/a><\/p>\n\n\n\n<p><a href=\"https:\/\/www.dggestora.com.br\/files\/MANUAL_DE_CONTROLE_DE_LIQUIDEZ.pdf\">Manual de Controle de Liquidez<\/a><\/p>\n\n\n\n<p><a href=\"https:\/\/www.dggestora.com.br\/files\/PLANO_DE_CONTINUIDADE_DE_NEGOCIOS.pdf\">Plano de Continuidade de Neg\u00f3cios<\/a><\/p>\n\n\n\n<p><a href=\"https:\/\/www.dggestora.com.br\/files\/POLITICA_DE_COMPRA_E_VENDA_DE_VALORES_MOBILIARIOS.pdf\">Pol\u00edtica de Compra e Venda de Ativos Mobili\u00e1rios<\/a><\/p>\n\n\n\n<p><a href=\"https:\/\/www.dggestora.com.br\/files\/POLITICA_DE_CONTROLES_INTERNOS.pdf\">Pol\u00edtica de Controles Internos<\/a><\/p>\n\n\n\n<p><a href=\"https:\/\/www.dggestora.com.br\/files\/politicadepld.pdf\">Pol\u00edtica de PLDFT<\/a><\/p>\n\n\n\n<p><a href=\"https:\/\/www.dggestora.com.br\/files\/POLITICA_DE_SEGURANCA_CIBERNETICA.pdf\">Pol\u00edtica de Seguran\u00e7a Cibern\u00e9tica<\/a><\/p>\n\n\n\n<p><a href=\"https:\/\/www.dggestora.com.br\/files\/POLITICA_DE_SEGURANCA_E_SIGILO_DAS_INFORMACOES.pdf\">Pol\u00edtica de Seguran\u00e7a das Informa\u00e7\u00f5es<\/a><\/p>\n\n\n\n<p><a href=\"https:\/\/www.dggestora.com.br\/files\/POLITICA_PARA_CONTRATACAO_DE_PRESTADORES_DE_SERVICO.pdf\">Pol\u00edtica para Contrata\u00e7\u00e3o de Terceiros<\/a><\/p>\n\n\n\n<h2 class=\"wp-block-heading\">Contato<\/h2>\n\n\n\n<p>Endere\u00e7o: Rua dos Pinheiros 870, 20 andar, conjunto 203, Pinheiros, S\u00e3o Paulo, CEP.: 05422-001<\/p>\n\n\n\n<p>Telefone: +55 011 38963000 \/ 38963016 \/ 38963045<\/p>\n\n\n\n<p>Rela\u00e7\u00e3o com Investidores: mauro@begoldi.com.br<\/p>\n\n\n\n<p>Compliance Officer: andre@begoldi.com.br<\/p>\n\n\n\n<p><\/p>\n\n\n\n<p><\/p>\n\n\n\n<div class=\"wp-block-columns is-layout-flex wp-container-core-columns-is-layout-9d6595d7 wp-block-columns-is-layout-flex\">\n<div class=\"wp-block-column is-layout-flow wp-block-column-is-layout-flow\" style=\"flex-basis:25%\"><\/div>\n\n\n\n<div class=\"wp-block-column is-layout-flow wp-block-column-is-layout-flow\" style=\"flex-basis:50%\"><\/div>\n\n\n\n<div class=\"wp-block-column is-layout-flow wp-block-column-is-layout-flow\" style=\"flex-basis:25%\"><\/div>\n<\/div>\n","protected":false},"excerpt":{"rendered":"<p>Documentos para consulta Pol\u00edtica de Rateio de Ordens C\u00f3digo de \u00c9tica Formul\u00e1rio de Refer\u00eancia Manual de Controle de Liquidez Plano de Continuidade de Neg\u00f3cios Pol\u00edtica de Compra e Venda de Ativos Mobili\u00e1rios Pol\u00edtica de Controles Internos Pol\u00edtica de PLDFT Pol\u00edtica de Seguran\u00e7a Cibern\u00e9tica Pol\u00edtica de Seguran\u00e7a das Informa\u00e7\u00f5es Pol\u00edtica para Contrata\u00e7\u00e3o de Terceiros Contato Endere\u00e7o: [&hellip;]<\/p>\n","protected":false},"author":1,"featured_media":0,"parent":0,"menu_order":0,"comment_status":"closed","ping_status":"closed","template":"","meta":{"footnotes":""},"class_list":["post-3","page","type-page","status-publish","hentry"],"_links":{"self":[{"href":"https:\/\/dggestora.com.br\/index.php\/wp-json\/wp\/v2\/pages\/3","targetHints":{"allow":["GET"]}}],"collection":[{"href":"https:\/\/dggestora.com.br\/index.php\/wp-json\/wp\/v2\/pages"}],"about":[{"href":"https:\/\/dggestora.com.br\/index.php\/wp-json\/wp\/v2\/types\/page"}],"author":[{"embeddable":true,"href":"https:\/\/dggestora.com.br\/index.php\/wp-json\/wp\/v2\/users\/1"}],"replies":[{"embeddable":true,"href":"https:\/\/dggestora.com.br\/index.php\/wp-json\/wp\/v2\/comments?post=3"}],"version-history":[{"count":30,"href":"https:\/\/dggestora.com.br\/index.php\/wp-json\/wp\/v2\/pages\/3\/revisions"}],"predecessor-version":[{"id":98,"href":"https:\/\/dggestora.com.br\/index.php\/wp-json\/wp\/v2\/pages\/3\/revisions\/98"}],"wp:attachment":[{"href":"https:\/\/dggestora.com.br\/index.php\/wp-json\/wp\/v2\/media?parent=3"}],"curies":[{"name":"wp","href":"https:\/\/api.w.org\/{rel}","templated":true}]}}